 {"id":3598,"date":"2023-03-17T09:44:59","date_gmt":"2023-03-17T08:44:59","guid":{"rendered":"https:\/\/www.josepoms.com\/beneficis-dels-escacs-spanish\/"},"modified":"2023-03-24T12:25:37","modified_gmt":"2023-03-24T11:25:37","slug":"beneficios-del-ajedrez","status":"publish","type":"page","link":"https:\/\/www.josepoms.com\/es\/beneficios-del-ajedrez\/","title":{"rendered":"Benef\u00edcios del ajedrez"},"content":{"rendered":"<div id=\"cs-content\" class=\"cs-content\"><\/div>\n","protected":false},"excerpt":{"rendered":"<p>beneficios del ajedrez El ajedrez posee todas las cualidades para ser una excelente herramienta pedag\u00f3gica, intelectual, deportiva, l\u00fadica, social y sanitaria. Est\u00e1 reconocido como deporte, pero a diferencia de otros m\u00e1s convencionales, el ajedrez desarrolla y potencia contenidos y valores de tipo educativo, l\u00f3gico, psicol\u00f3gico y sociol\u00f3gico, entre otros, en las personas que lo practican. Adem\u00e1s, se ense\u00f1a jugando, con &#8230; <\/p>\n<div><a href=\"https:\/\/www.josepoms.com\/es\/beneficios-del-ajedrez\/\" class=\"more-link\">Llegir m\u00e9s<\/a><\/div>\n","protected":false},"author":2,"featured_media":0,"parent":0,"menu_order":0,"comment_status":"closed","ping_status":"closed","template":"template-blank-4.php","meta":{"footnotes":""},"class_list":["post-3598","page","type-page","status-publish","hentry","no-post-thumbnail"],"yoast_head":"<!-- This site is optimized with the Yoast SEO plugin v25.9 - https:\/\/yoast.com\/wordpress\/plugins\/seo\/ -->\n<title>Benef\u00edcios del ajedrez - Acad\u00e8mia Escacs Josep Oms<\/title>\n<meta name=\"robots\" content=\"index, follow, max-snippet:-1, max-image-preview:large, max-video-preview:-1\" \/>\n<link rel=\"canonical\" href=\"https:\/\/www.josepoms.com\/es\/beneficios-del-ajedrez\/\" \/>\n<meta property=\"og:locale\" content=\"es_ES\" \/>\n<meta property=\"og:type\" content=\"article\" \/>\n<meta property=\"og:title\" content=\"Benef\u00edcios del ajedrez - Acad\u00e8mia Escacs Josep Oms\" \/>\n<meta property=\"og:description\" content=\"beneficios del ajedrez El ajedrez posee todas las cualidades para ser una excelente herramienta pedag\u00f3gica, intelectual, deportiva, l\u00fadica, social y sanitaria. Est\u00e1 reconocido como deporte, pero a diferencia de otros m\u00e1s convencionales, el ajedrez desarrolla y potencia contenidos y valores de tipo educativo, l\u00f3gico, psicol\u00f3gico y sociol\u00f3gico, entre otros, en las personas que lo practican. Adem\u00e1s, se ense\u00f1a jugando, con ... Llegir m\u00e9s\" \/>\n<meta property=\"og:url\" content=\"https:\/\/www.josepoms.com\/es\/beneficios-del-ajedrez\/\" \/>\n<meta property=\"og:site_name\" content=\"Acad\u00e8mia Escacs Josep Oms\" \/>\n<meta property=\"article:modified_time\" content=\"2023-03-24T11:25:37+00:00\" \/>\n<meta name=\"twitter:card\" content=\"summary_large_image\" \/>\n<meta name=\"twitter:label1\" content=\"Tiempo de lectura\" \/>\n\t<meta name=\"twitter:data1\" content=\"4 minutos\" \/>\n<script type=\"application\/ld+json\" class=\"yoast-schema-graph\">{\"@context\":\"https:\/\/schema.org\",\"@graph\":[{\"@type\":\"WebPage\",\"@id\":\"https:\/\/www.josepoms.com\/es\/beneficios-del-ajedrez\/\",\"url\":\"https:\/\/www.josepoms.com\/es\/beneficios-del-ajedrez\/\",\"name\":\"Benef\u00edcios del ajedrez - Acad\u00e8mia Escacs Josep Oms\",\"isPartOf\":{\"@id\":\"https:\/\/www.josepoms.com\/es\/#website\"},\"datePublished\":\"2023-03-17T08:44:59+00:00\",\"dateModified\":\"2023-03-24T11:25:37+00:00\",\"breadcrumb\":{\"@id\":\"https:\/\/www.josepoms.com\/es\/beneficios-del-ajedrez\/#breadcrumb\"},\"inLanguage\":\"es\",\"potentialAction\":[{\"@type\":\"ReadAction\",\"target\":[\"https:\/\/www.josepoms.com\/es\/beneficios-del-ajedrez\/\"]}]},{\"@type\":\"BreadcrumbList\",\"@id\":\"https:\/\/www.josepoms.com\/es\/beneficios-del-ajedrez\/#breadcrumb\",\"itemListElement\":[{\"@type\":\"ListItem\",\"position\":1,\"name\":\"Inici\",\"item\":\"https:\/\/www.josepoms.com\/es\/inici-2\/\"},{\"@type\":\"ListItem\",\"position\":2,\"name\":\"Benef\u00edcios del ajedrez\"}]},{\"@type\":\"WebSite\",\"@id\":\"https:\/\/www.josepoms.com\/es\/#website\",\"url\":\"https:\/\/www.josepoms.com\/es\/\",\"name\":\"Acad\u00e8mia Escacs Josep Oms\",\"description\":\"ADEJO Lleida\",\"potentialAction\":[{\"@type\":\"SearchAction\",\"target\":{\"@type\":\"EntryPoint\",\"urlTemplate\":\"https:\/\/www.josepoms.com\/es\/?s={search_term_string}\"},\"query-input\":{\"@type\":\"PropertyValueSpecification\",\"valueRequired\":true,\"valueName\":\"search_term_string\"}}],\"inLanguage\":\"es\"}]}<\/script>\n<!-- \/ Yoast SEO plugin. -->","yoast_head_json":{"title":"Benef\u00edcios del ajedrez - Acad\u00e8mia Escacs Josep Oms","robots":{"index":"index","follow":"follow","max-snippet":"max-snippet:-1","max-image-preview":"max-image-preview:large","max-video-preview":"max-video-preview:-1"},"canonical":"https:\/\/www.josepoms.com\/es\/beneficios-del-ajedrez\/","og_locale":"es_ES","og_type":"article","og_title":"Benef\u00edcios del ajedrez - Acad\u00e8mia Escacs Josep Oms","og_description":"beneficios del ajedrez El ajedrez posee todas las cualidades para ser una excelente herramienta pedag\u00f3gica, intelectual, deportiva, l\u00fadica, social y sanitaria. Est\u00e1 reconocido como deporte, pero a diferencia de otros m\u00e1s convencionales, el ajedrez desarrolla y potencia contenidos y valores de tipo educativo, l\u00f3gico, psicol\u00f3gico y sociol\u00f3gico, entre otros, en las personas que lo practican. Adem\u00e1s, se ense\u00f1a jugando, con ... Llegir m\u00e9s","og_url":"https:\/\/www.josepoms.com\/es\/beneficios-del-ajedrez\/","og_site_name":"Acad\u00e8mia Escacs Josep Oms","article_modified_time":"2023-03-24T11:25:37+00:00","twitter_card":"summary_large_image","twitter_misc":{"Tiempo de lectura":"4 minutos"},"schema":{"@context":"https:\/\/schema.org","@graph":[{"@type":"WebPage","@id":"https:\/\/www.josepoms.com\/es\/beneficios-del-ajedrez\/","url":"https:\/\/www.josepoms.com\/es\/beneficios-del-ajedrez\/","name":"Benef\u00edcios del ajedrez - Acad\u00e8mia Escacs Josep Oms","isPartOf":{"@id":"https:\/\/www.josepoms.com\/es\/#website"},"datePublished":"2023-03-17T08:44:59+00:00","dateModified":"2023-03-24T11:25:37+00:00","breadcrumb":{"@id":"https:\/\/www.josepoms.com\/es\/beneficios-del-ajedrez\/#breadcrumb"},"inLanguage":"es","potentialAction":[{"@type":"ReadAction","target":["https:\/\/www.josepoms.com\/es\/beneficios-del-ajedrez\/"]}]},{"@type":"BreadcrumbList","@id":"https:\/\/www.josepoms.com\/es\/beneficios-del-ajedrez\/#breadcrumb","itemListElement":[{"@type":"ListItem","position":1,"name":"Inici","item":"https:\/\/www.josepoms.com\/es\/inici-2\/"},{"@type":"ListItem","position":2,"name":"Benef\u00edcios del ajedrez"}]},{"@type":"WebSite","@id":"https:\/\/www.josepoms.com\/es\/#website","url":"https:\/\/www.josepoms.com\/es\/","name":"Acad\u00e8mia Escacs Josep Oms","description":"ADEJO Lleida","potentialAction":[{"@type":"SearchAction","target":{"@type":"EntryPoint","urlTemplate":"https:\/\/www.josepoms.com\/es\/?s={search_term_string}"},"query-input":{"@type":"PropertyValueSpecification","valueRequired":true,"valueName":"search_term_string"}}],"inLanguage":"es"}]}},"_links":{"self":[{"href":"https:\/\/www.josepoms.com\/es\/wp-json\/wp\/v2\/pages\/3598","targetHints":{"allow":["GET"]}}],"collection":[{"href":"https:\/\/www.josepoms.com\/es\/wp-json\/wp\/v2\/pages"}],"about":[{"href":"https:\/\/www.josepoms.com\/es\/wp-json\/wp\/v2\/types\/page"}],"author":[{"embeddable":true,"href":"https:\/\/www.josepoms.com\/es\/wp-json\/wp\/v2\/users\/2"}],"replies":[{"embeddable":true,"href":"https:\/\/www.josepoms.com\/es\/wp-json\/wp\/v2\/comments?post=3598"}],"version-history":[{"count":15,"href":"https:\/\/www.josepoms.com\/es\/wp-json\/wp\/v2\/pages\/3598\/revisions"}],"predecessor-version":[{"id":3782,"href":"https:\/\/www.josepoms.com\/es\/wp-json\/wp\/v2\/pages\/3598\/revisions\/3782"}],"wp:attachment":[{"href":"https:\/\/www.josepoms.com\/es\/wp-json\/wp\/v2\/media?parent=3598"}],"curies":[{"name":"wp","href":"https:\/\/api.w.org\/{rel}","templated":true}]}}